{"id":1018,"date":"2021-02-04T14:53:23","date_gmt":"2021-02-04T13:53:23","guid":{"rendered":"https:\/\/www.hoteldescaps.fr\/?page_id=1018"},"modified":"2021-02-04T15:41:42","modified_gmt":"2021-02-04T14:41:42","slug":"picture-gallery","status":"publish","type":"page","link":"https:\/\/www.hoteldescaps.fr\/en\/picture-gallery\/","title":{"rendered":"Picture gallery"},"content":{"rendered":"\t\t<div data-elementor-type=\"wp-page\" data-elementor-id=\"1018\" class=\"elementor elementor-1018 elementor-208\" data-elementor-post-type=\"page\">\n\t\t\t\t\t\t<section class=\"elementor-section elementor-top-section elementor-element elementor-element-3ec8c6ab elementor-section-boxed elementor-section-height-default elementor-section-height-default\" data-id=\"3ec8c6ab\" data-element_type=\"section\" data-e-type=\"section\" id=\"en_tete\">\n\t\t\t\t\t\t<div class=\"elementor-container elementor-column-gap-default\">\n\t\t\t\t\t<div class=\"elementor-column elementor-col-100 elementor-top-column elementor-element elementor-element-d9fea09\" data-id=\"d9fea09\" data-element_type=\"column\" data-e-type=\"column\">\n\t\t\t<div class=\"elementor-widget-wrap elementor-element-populated\">\n\t\t\t\t\t\t<div class=\"elementor-element elementor-element-6b77fa40 elementor-widget elementor-widget-text-editor\" data-id=\"6b77fa40\" data-element_type=\"widget\" data-e-type=\"widget\" data-widget_type=\"text-editor.default\">\n\t\t\t\t<div class=\"elementor-widget-container\">\n\t\t\t\t\t\t\t\t\t<p>We offer a selection of photos so that you can get a feel for the atmosphere in the hotel.<br \/>Hope you will feel <strong>right at home<\/strong> during your stay.<\/p>\t\t\t\t\t\t\t\t<\/div>\n\t\t\t\t<\/div>\n\t\t\t\t\t<\/div>\n\t\t<\/div>\n\t\t\t\t\t<\/div>\n\t\t<\/section>\n\t\t\t\t<section class=\"elementor-section elementor-top-section elementor-element elementor-element-4b4d84d6 elementor-section-full_width elementor-section-stretched fond_clair elementor-section-height-default elementor-section-height-default\" data-id=\"4b4d84d6\" data-element_type=\"section\" data-e-type=\"section\" id=\"galerie_photos\" data-settings=\"{&quot;stretch_section&quot;:&quot;section-stretched&quot;}\">\n\t\t\t\t\t\t<div class=\"elementor-container elementor-column-gap-default\">\n\t\t\t\t\t<div class=\"elementor-column elementor-col-100 elementor-top-column elementor-element elementor-element-6fc24e7c\" data-id=\"6fc24e7c\" data-element_type=\"column\" data-e-type=\"column\">\n\t\t\t<div class=\"elementor-widget-wrap elementor-element-populated\">\n\t\t\t\t\t\t<section class=\"elementor-section elementor-inner-section elementor-element elementor-element-7a9ba9f8 elementor-section-boxed elementor-section-height-default elementor-section-height-default\" data-id=\"7a9ba9f8\" data-element_type=\"section\" data-e-type=\"section\">\n\t\t\t\t\t\t<div class=\"elementor-container elementor-column-gap-default\">\n\t\t\t\t\t<div class=\"elementor-column elementor-col-100 elementor-inner-column elementor-element elementor-element-bbf21e6\" data-id=\"bbf21e6\" data-element_type=\"column\" data-e-type=\"column\">\n\t\t\t<div class=\"elementor-widget-wrap elementor-element-populated\">\n\t\t\t\t\t\t<div class=\"elementor-element elementor-element-ecb64b5 elementor-widget elementor-widget-gallery\" data-id=\"ecb64b5\" data-element_type=\"widget\" data-e-type=\"widget\" data-settings=\"{&quot;gallery_layout&quot;:&quot;masonry&quot;,&quot;columns&quot;:3,&quot;lazyload&quot;:&quot;yes&quot;,&quot;columns_tablet&quot;:2,&quot;columns_mobile&quot;:1,&quot;gap&quot;:{&quot;unit&quot;:&quot;px&quot;,&quot;size&quot;:10,&quot;sizes&quot;:[]},&quot;gap_tablet&quot;:{&quot;unit&quot;:&quot;px&quot;,&quot;size&quot;:10,&quot;sizes&quot;:[]},&quot;gap_mobile&quot;:{&quot;unit&quot;:&quot;px&quot;,&quot;size&quot;:10,&quot;sizes&quot;:[]},&quot;link_to&quot;:&quot;file&quot;,&quot;overlay_background&quot;:&quot;yes&quot;,&quot;content_hover_animation&quot;:&quot;fade-in&quot;}\" data-widget_type=\"gallery.default\">\n\t\t\t\t<div class=\"elementor-widget-container\">\n\t\t\t\t\t\t\t<div class=\"elementor-gallery__container\">\n\t\t\t\t\t\t\t<a class=\"e-gallery-item elementor-gallery-item elementor-animated-content\" href=\"https:\/\/www.hoteldescaps.fr\/public\/uploads\/2020\/11\/photo-restaurant-01.jpg\" data-elementor-open-lightbox=\"yes\" data-elementor-lightbox-slideshow=\"ecb64b5\" data-elementor-lightbox-title=\"Table de notre restaurant\" data-e-action-hash=\"#elementor-action%3Aaction%3Dlightbox%26settings%3DeyJpZCI6Nzg0LCJ1cmwiOiJodHRwczpcL1wvd3d3LmhvdGVsZGVzY2Fwcy5mclwvcHVibGljXC91cGxvYWRzXC8yMDIwXC8xMVwvcGhvdG8tcmVzdGF1cmFudC0wMS5qcGciLCJzbGlkZXNob3ciOiJlY2I2NGI1In0%3D\">\n\t\t\t\t\t<div class=\"e-gallery-image elementor-gallery-item__image\" data-thumbnail=\"https:\/\/www.hoteldescaps.fr\/public\/uploads\/2020\/11\/photo-restaurant-01-300x199.jpg\" data-width=\"300\" data-height=\"199\" aria-label=\"D\u00e9coration de table\" role=\"img\" ><\/div>\n\t\t\t\t\t\t\t\t\t\t\t<div class=\"elementor-gallery-item__overlay\"><\/div>\n\t\t\t\t\t\t\t\t\t\t\t\t\t\t<\/a>\n\t\t\t\t\t\t\t<a class=\"e-gallery-item elementor-gallery-item elementor-animated-content\" href=\"https:\/\/www.hoteldescaps.fr\/public\/uploads\/2020\/11\/photo-accueil-groupes-01.jpg\" data-elementor-open-lightbox=\"yes\" data-elementor-lightbox-slideshow=\"ecb64b5\" data-elementor-lightbox-title=\"\u00c9v\u00e8nement priv\u00e9 - Accueil de groupes\" data-e-action-hash=\"#elementor-action%3Aaction%3Dlightbox%26settings%3DeyJpZCI6Nzc3LCJ1cmwiOiJodHRwczpcL1wvd3d3LmhvdGVsZGVzY2Fwcy5mclwvcHVibGljXC91cGxvYWRzXC8yMDIwXC8xMVwvcGhvdG8tYWNjdWVpbC1ncm91cGVzLTAxLmpwZyIsInNsaWRlc2hvdyI6ImVjYjY0YjUifQ%3D%3D\">\n\t\t\t\t\t<div class=\"e-gallery-image elementor-gallery-item__image\" data-thumbnail=\"https:\/\/www.hoteldescaps.fr\/public\/uploads\/2020\/11\/photo-accueil-groupes-01-300x199.jpg\" data-width=\"300\" data-height=\"199\" aria-label=\"Accueil \u00e9v\u00e8nement festif\" role=\"img\" ><\/div>\n\t\t\t\t\t\t\t\t\t\t\t<div class=\"elementor-gallery-item__overlay\"><\/div>\n\t\t\t\t\t\t\t\t\t\t\t\t\t\t<\/a>\n\t\t\t\t\t\t\t<a class=\"e-gallery-item elementor-gallery-item elementor-animated-content\" href=\"https:\/\/www.hoteldescaps.fr\/public\/uploads\/2020\/11\/salle-seminaire.jpg\" data-elementor-open-lightbox=\"yes\" data-elementor-lightbox-slideshow=\"ecb64b5\" data-elementor-lightbox-title=\"Une de nos 5 salles de s\u00e9minaire\" data-e-action-hash=\"#elementor-action%3Aaction%3Dlightbox%26settings%3DeyJpZCI6Nzg2LCJ1cmwiOiJodHRwczpcL1wvd3d3LmhvdGVsZGVzY2Fwcy5mclwvcHVibGljXC91cGxvYWRzXC8yMDIwXC8xMVwvc2FsbGUtc2VtaW5haXJlLmpwZyIsInNsaWRlc2hvdyI6ImVjYjY0YjUifQ%3D%3D\">\n\t\t\t\t\t<div class=\"e-gallery-image elementor-gallery-item__image\" data-thumbnail=\"https:\/\/www.hoteldescaps.fr\/public\/uploads\/2020\/11\/salle-seminaire-300x225.jpg\" data-width=\"300\" data-height=\"225\" aria-label=\"Salle de s\u00e9minaires\" role=\"img\" ><\/div>\n\t\t\t\t\t\t\t\t\t\t\t<div class=\"elementor-gallery-item__overlay\"><\/div>\n\t\t\t\t\t\t\t\t\t\t\t\t\t\t<\/a>\n\t\t\t\t\t\t\t<a class=\"e-gallery-item elementor-gallery-item elementor-animated-content\" href=\"https:\/\/www.hoteldescaps.fr\/public\/uploads\/2020\/11\/photo-accueil-groupes-02.jpg\" data-elementor-open-lightbox=\"yes\" data-elementor-lightbox-slideshow=\"ecb64b5\" data-elementor-lightbox-title=\"Ev\u00e8nement priv\u00e9 - Accueil de groupes\" data-e-action-hash=\"#elementor-action%3Aaction%3Dlightbox%26settings%3DeyJpZCI6Nzc4LCJ1cmwiOiJodHRwczpcL1wvd3d3LmhvdGVsZGVzY2Fwcy5mclwvcHVibGljXC91cGxvYWRzXC8yMDIwXC8xMVwvcGhvdG8tYWNjdWVpbC1ncm91cGVzLTAyLmpwZyIsInNsaWRlc2hvdyI6ImVjYjY0YjUifQ%3D%3D\">\n\t\t\t\t\t<div class=\"e-gallery-image elementor-gallery-item__image\" data-thumbnail=\"https:\/\/www.hoteldescaps.fr\/public\/uploads\/2020\/11\/photo-accueil-groupes-02-300x199.jpg\" data-width=\"300\" data-height=\"199\" aria-label=\"Accueil de groupes\" role=\"img\" ><\/div>\n\t\t\t\t\t\t\t\t\t\t\t<div class=\"elementor-gallery-item__overlay\"><\/div>\n\t\t\t\t\t\t\t\t\t\t\t\t\t\t<\/a>\n\t\t\t\t\t\t\t<a class=\"e-gallery-item elementor-gallery-item elementor-animated-content\" href=\"https:\/\/www.hoteldescaps.fr\/public\/uploads\/2020\/11\/photo-chambre-03.jpg\" data-elementor-open-lightbox=\"yes\" data-elementor-lightbox-slideshow=\"ecb64b5\" data-elementor-lightbox-title=\"Vue d&#039;une chambre\" data-e-action-hash=\"#elementor-action%3Aaction%3Dlightbox%26settings%3DeyJpZCI6NzgxLCJ1cmwiOiJodHRwczpcL1wvd3d3LmhvdGVsZGVzY2Fwcy5mclwvcHVibGljXC91cGxvYWRzXC8yMDIwXC8xMVwvcGhvdG8tY2hhbWJyZS0wMy5qcGciLCJzbGlkZXNob3ciOiJlY2I2NGI1In0%3D\">\n\t\t\t\t\t<div class=\"e-gallery-image elementor-gallery-item__image\" data-thumbnail=\"https:\/\/www.hoteldescaps.fr\/public\/uploads\/2020\/11\/photo-chambre-03-300x200.jpg\" data-width=\"300\" data-height=\"200\" aria-label=\"Chambre de l&#039;h\u00f4tel\" role=\"img\" ><\/div>\n\t\t\t\t\t\t\t\t\t\t\t<div class=\"elementor-gallery-item__overlay\"><\/div>\n\t\t\t\t\t\t\t\t\t\t\t\t\t\t<\/a>\n\t\t\t\t\t\t\t<a class=\"e-gallery-item elementor-gallery-item elementor-animated-content\" href=\"https:\/\/www.hoteldescaps.fr\/public\/uploads\/2020\/11\/photo-hotel-01.jpg\" data-elementor-open-lightbox=\"yes\" data-elementor-lightbox-slideshow=\"ecb64b5\" data-elementor-lightbox-title=\"Vue du jardin int\u00e9rieur de notre H\u00f4tel\" data-e-action-hash=\"#elementor-action%3Aaction%3Dlightbox%26settings%3DeyJpZCI6NzgyLCJ1cmwiOiJodHRwczpcL1wvd3d3LmhvdGVsZGVzY2Fwcy5mclwvcHVibGljXC91cGxvYWRzXC8yMDIwXC8xMVwvcGhvdG8taG90ZWwtMDEuanBnIiwic2xpZGVzaG93IjoiZWNiNjRiNSJ9\">\n\t\t\t\t\t<div class=\"e-gallery-image elementor-gallery-item__image\" data-thumbnail=\"https:\/\/www.hoteldescaps.fr\/public\/uploads\/2020\/11\/photo-hotel-01-300x200.jpg\" data-width=\"300\" data-height=\"200\" aria-label=\"Cour int\u00e9rieure\" role=\"img\" ><\/div>\n\t\t\t\t\t\t\t\t\t\t\t<div class=\"elementor-gallery-item__overlay\"><\/div>\n\t\t\t\t\t\t\t\t\t\t\t\t\t\t<\/a>\n\t\t\t\t\t\t\t<a class=\"e-gallery-item elementor-gallery-item elementor-animated-content\" href=\"https:\/\/www.hoteldescaps.fr\/public\/uploads\/2020\/11\/photo-restaurant-02.jpg\" data-elementor-open-lightbox=\"yes\" data-elementor-lightbox-slideshow=\"ecb64b5\" data-elementor-lightbox-title=\"Photo de la salle de restaurant\" data-e-action-hash=\"#elementor-action%3Aaction%3Dlightbox%26settings%3DeyJpZCI6Nzg1LCJ1cmwiOiJodHRwczpcL1wvd3d3LmhvdGVsZGVzY2Fwcy5mclwvcHVibGljXC91cGxvYWRzXC8yMDIwXC8xMVwvcGhvdG8tcmVzdGF1cmFudC0wMi5qcGciLCJzbGlkZXNob3ciOiJlY2I2NGI1In0%3D\">\n\t\t\t\t\t<div class=\"e-gallery-image elementor-gallery-item__image\" data-thumbnail=\"https:\/\/www.hoteldescaps.fr\/public\/uploads\/2020\/11\/photo-restaurant-02-300x199.jpg\" data-width=\"300\" data-height=\"199\" aria-label=\"Salle de restaurant\" role=\"img\" ><\/div>\n\t\t\t\t\t\t\t\t\t\t\t<div class=\"elementor-gallery-item__overlay\"><\/div>\n\t\t\t\t\t\t\t\t\t\t\t\t\t\t<\/a>\n\t\t\t\t\t\t\t<a class=\"e-gallery-item elementor-gallery-item elementor-animated-content\" href=\"https:\/\/www.hoteldescaps.fr\/public\/uploads\/2020\/11\/photo-hotel-02.jpg\" data-elementor-open-lightbox=\"yes\" data-elementor-lightbox-slideshow=\"ecb64b5\" data-elementor-lightbox-title=\"Vue arri\u00e8re de notre H\u00f4tel\" data-e-action-hash=\"#elementor-action%3Aaction%3Dlightbox%26settings%3DeyJpZCI6NzgzLCJ1cmwiOiJodHRwczpcL1wvd3d3LmhvdGVsZGVzY2Fwcy5mclwvcHVibGljXC91cGxvYWRzXC8yMDIwXC8xMVwvcGhvdG8taG90ZWwtMDIuanBnIiwic2xpZGVzaG93IjoiZWNiNjRiNSJ9\">\n\t\t\t\t\t<div class=\"e-gallery-image elementor-gallery-item__image\" data-thumbnail=\"https:\/\/www.hoteldescaps.fr\/public\/uploads\/2020\/11\/photo-hotel-02-300x200.jpg\" data-width=\"300\" data-height=\"200\" aria-label=\"H\u00f4tel\" role=\"img\" ><\/div>\n\t\t\t\t\t\t\t\t\t\t\t<div class=\"elementor-gallery-item__overlay\"><\/div>\n\t\t\t\t\t\t\t\t\t\t\t\t\t\t<\/a>\n\t\t\t\t\t\t\t<a class=\"e-gallery-item elementor-gallery-item elementor-animated-content\" href=\"https:\/\/www.hoteldescaps.fr\/public\/uploads\/2020\/11\/photo-chambre-02.jpg\" data-elementor-open-lightbox=\"yes\" data-elementor-lightbox-slideshow=\"ecb64b5\" data-elementor-lightbox-title=\"Chambre appartement\" data-e-action-hash=\"#elementor-action%3Aaction%3Dlightbox%26settings%3DeyJpZCI6NzgwLCJ1cmwiOiJodHRwczpcL1wvd3d3LmhvdGVsZGVzY2Fwcy5mclwvcHVibGljXC91cGxvYWRzXC8yMDIwXC8xMVwvcGhvdG8tY2hhbWJyZS0wMi5qcGciLCJzbGlkZXNob3ciOiJlY2I2NGI1In0%3D\">\n\t\t\t\t\t<div class=\"e-gallery-image elementor-gallery-item__image\" data-thumbnail=\"https:\/\/www.hoteldescaps.fr\/public\/uploads\/2020\/11\/photo-chambre-02-300x151.jpg\" data-width=\"300\" data-height=\"151\" aria-label=\"Chambre appartement de l&#039;h\u00f4tel\" role=\"img\" ><\/div>\n\t\t\t\t\t\t\t\t\t\t\t<div class=\"elementor-gallery-item__overlay\"><\/div>\n\t\t\t\t\t\t\t\t\t\t\t\t\t\t<\/a>\n\t\t\t\t\t\t\t<a class=\"e-gallery-item elementor-gallery-item elementor-animated-content\" href=\"https:\/\/www.hoteldescaps.fr\/public\/uploads\/2020\/11\/accueil-hotel-les-caps.jpg\" data-elementor-open-lightbox=\"yes\" data-elementor-lightbox-slideshow=\"ecb64b5\" data-elementor-lightbox-title=\"accueil-hotel-les-caps\" data-e-action-hash=\"#elementor-action%3Aaction%3Dlightbox%26settings%3DeyJpZCI6Nzc0LCJ1cmwiOiJodHRwczpcL1wvd3d3LmhvdGVsZGVzY2Fwcy5mclwvcHVibGljXC91cGxvYWRzXC8yMDIwXC8xMVwvYWNjdWVpbC1ob3RlbC1sZXMtY2Fwcy5qcGciLCJzbGlkZXNob3ciOiJlY2I2NGI1In0%3D\">\n\t\t\t\t\t<div class=\"e-gallery-image elementor-gallery-item__image\" data-thumbnail=\"https:\/\/www.hoteldescaps.fr\/public\/uploads\/2020\/11\/accueil-hotel-les-caps-300x179.jpg\" data-width=\"300\" data-height=\"179\" aria-label=\"Hall d&#039;accueil de l&#039;H\u00f4tel Les Caps\" role=\"img\" ><\/div>\n\t\t\t\t\t\t\t\t\t\t\t<div class=\"elementor-gallery-item__overlay\"><\/div>\n\t\t\t\t\t\t\t\t\t\t\t\t\t\t<\/a>\n\t\t\t\t\t\t\t<a class=\"e-gallery-item elementor-gallery-item elementor-animated-content\" href=\"https:\/\/www.hoteldescaps.fr\/public\/uploads\/2020\/11\/photo-chambre-01.jpg\" data-elementor-open-lightbox=\"yes\" data-elementor-lightbox-slideshow=\"ecb64b5\" data-elementor-lightbox-title=\"Photo d&#039;une chambre\" data-e-action-hash=\"#elementor-action%3Aaction%3Dlightbox%26settings%3DeyJpZCI6Nzc5LCJ1cmwiOiJodHRwczpcL1wvd3d3LmhvdGVsZGVzY2Fwcy5mclwvcHVibGljXC91cGxvYWRzXC8yMDIwXC8xMVwvcGhvdG8tY2hhbWJyZS0wMS5qcGciLCJzbGlkZXNob3ciOiJlY2I2NGI1In0%3D\">\n\t\t\t\t\t<div class=\"e-gallery-image elementor-gallery-item__image\" data-thumbnail=\"https:\/\/www.hoteldescaps.fr\/public\/uploads\/2020\/11\/photo-chambre-01-300x195.jpg\" data-width=\"300\" data-height=\"195\" aria-label=\"photo chambre h\u00f4tel\" role=\"img\" ><\/div>\n\t\t\t\t\t\t\t\t\t\t\t<div class=\"elementor-gallery-item__overlay\"><\/div>\n\t\t\t\t\t\t\t\t\t\t\t\t\t\t<\/a>\n\t\t\t\t\t<\/div>\n\t\t\t\t\t<\/div>\n\t\t\t\t<\/div>\n\t\t\t\t\t<\/div>\n\t\t<\/div>\n\t\t\t\t\t<\/div>\n\t\t<\/section>\n\t\t\t\t\t<\/div>\n\t\t<\/div>\n\t\t\t\t\t<\/div>\n\t\t<\/section>\n\t\t\t\t<\/div>\n\t\t","protected":false},"excerpt":{"rendered":"<p>We offer a selection of photos so that you can get a feel for the atmosphere in the hotel.Hope you will feel right at home during your stay.<\/p>\n","protected":false},"author":1,"featured_media":0,"parent":0,"menu_order":0,"comment_status":"closed","ping_status":"closed","template":"","meta":{"footnotes":"","_wp_rev_ctl_limit":""},"class_list":["post-1018","page","type-page","status-publish","hentry","wpbf-post"],"_links":{"self":[{"href":"https:\/\/www.hoteldescaps.fr\/en\/wp-json\/wp\/v2\/pages\/1018","targetHints":{"allow":["GET"]}}],"collection":[{"href":"https:\/\/www.hoteldescaps.fr\/en\/wp-json\/wp\/v2\/pages"}],"about":[{"href":"https:\/\/www.hoteldescaps.fr\/en\/wp-json\/wp\/v2\/types\/page"}],"author":[{"embeddable":true,"href":"https:\/\/www.hoteldescaps.fr\/en\/wp-json\/wp\/v2\/users\/1"}],"replies":[{"embeddable":true,"href":"https:\/\/www.hoteldescaps.fr\/en\/wp-json\/wp\/v2\/comments?post=1018"}],"version-history":[{"count":0,"href":"https:\/\/www.hoteldescaps.fr\/en\/wp-json\/wp\/v2\/pages\/1018\/revisions"}],"wp:attachment":[{"href":"https:\/\/www.hoteldescaps.fr\/en\/wp-json\/wp\/v2\/media?parent=1018"}],"curies":[{"name":"wp","href":"https:\/\/api.w.org\/{rel}","templated":true}]}}